{"id":30544,"date":"2026-03-22T17:09:23","date_gmt":"2026-03-22T16:09:23","guid":{"rendered":"https:\/\/plumediamond.com\/?page_id=29012"},"modified":"2026-04-07T11:45:56","modified_gmt":"2026-04-07T10:45:56","slug":"%d8%b3%d9%88%d8%b1%d8%a9-%d8%a7%d9%84%d8%b9%d8%a7%d8%af%d9%8a%d8%a7%d8%aa","status":"publish","type":"page","link":"https:\/\/plumediamant.com\/?page_id=30544","title":{"rendered":"\u0633\u0648\u0631\u0629 \u0627\u0644\u0639\u0627\u062f\u064a\u0627\u062a"},"content":{"rendered":"<p>&nbsp;<\/p>\n<div class=\"jetpack-video-wrapper\"><iframe loading=\"lazy\" title=\"\u0633\u0648\u0631\u0629 \u0627\u0644\u0639\u0627\u062f\u064a\u0627\u062a\" width=\"640\" height=\"360\" src=\"https:\/\/www.youtube.com\/embed\/PpSc462vqig?feature=oembed\" frameborder=\"0\" allow=\"accelerometer; autoplay; clipboard-write; encrypted-media; gyroscope; picture-in-picture; web-share\" referrerpolicy=\"strict-origin-when-cross-origin\" allowfullscreen><\/iframe><\/div>\n<h2 style=\"text-align: center;\">1. \u062a\u062d\u0644\u064a\u0644 \u0627\u0644\u0641\u064a\u062f\u064a\u0648<br \/>\n\u0627\u0644\u0641\u064a\u062f\u064a\u0648\u060c \u0648\u0639\u0646\u0648\u0627\u0646\u0647 \u00ab\u00a0\u0633\u0648\u0631\u0629 \u0627\u0644\u0639\u0627\u062f\u064a\u0627\u062a\u00a0\u00bb\u060c \u064a\u0639\u0631\u0636 \u0625\u0646\u062c\u0627\u0632\u0627\u064b \u0625\u0644\u0643\u062a\u0631\u0648\u0646\u064a\u0627\u064b \u0648\u0641\u0646\u064a\u0627\u064b: \u0644\u0648\u062d\u0629 \u0644\u0633\u0648\u0631\u0629 \u0627\u0644\u0639\u0627\u062f\u064a\u0627\u062a \u0627\u0644\u0642\u0631\u0622\u0646\u064a\u0629 \u0645\u0643\u062a\u0648\u0628\u0629 \u0628\u062e\u0637 \u064a\u062f\u0643\u0645 \u0648\u0645\u064f\u062f\u0645\u064e\u062c\u0629 \u0641\u064a \u0625\u0637\u0627\u0631 \u0635\u063a\u064a\u0631 \u0645\u064f\u0636\u0627\u0621 \u0628\u0645\u0635\u0627\u0628\u064a\u062d LED.<br \/>\n\u0627\u0644\u062a\u0641\u0627\u0635\u064a\u0644 \u0627\u0644\u062a\u0642\u0646\u064a\u0629 \u0628\u0646\u0627\u0621\u064b \u0639\u0644\u0649 \u0648\u0635\u0641\u0643\u0645:<br \/>\n* \u0625\u0636\u0627\u0621\u0629 LED: \u062a\u0645 \u0627\u0633\u062a\u062e\u062f\u0627\u0645 \u0645\u0635\u0627\u0628\u064a\u062d LED \u0628\u062c\u0647\u062f \u0623\u0645\u0627\u0645\u064a (V_f) \u0642\u062f\u0631\u0647 1.5 \u0641\u0648\u0644\u062a\u060c \u0648\u0647\u064a \u0645\u0648\u0635\u0648\u0644\u0629 \u0641\u064a \u0633\u0644\u0627\u0633\u0644 \u0645\u0646 8 \u0642\u0637\u0639 \u0644\u062a\u0639\u0645\u0644 \u0628\u062c\u0647\u062f 12 \u0641\u0648\u0644\u062a \u062a\u064a\u0627\u0631 \u0645\u0633\u062a\u0645\u0631 (VDC).<br \/>\n* \u0646\u0638\u0627\u0645 \u0627\u0644\u0648\u0645\u064a\u0636\/\u0627\u0644\u0631\u0633\u0648\u0645 \u0627\u0644\u0645\u062a\u062d\u0631\u0643\u0629 (\u0627\u0644\u0641\u0644\u0627\u0634\u0631): \u0644\u0642\u062f \u0642\u0645\u062a\u0645 \u0628\u062a\u0635\u0645\u064a\u0645 \u0648\u062a\u0646\u0641\u064a\u0630 \u062f\u0627\u0626\u0631\u0629 \u0648\u0645\u0651\u0627\u0636\u0629 \u0628\u0640 15 \u0642\u0646\u0627\u0629\u060c \u062a\u0639\u062a\u0645\u062f \u0639\u0644\u0649 \u0630\u0627\u0643\u0631\u0629 EPROM \u0645\u0646 \u0646\u0648\u0639 M27C1024 \u062d\u064a\u062b \u062a\u0645 \u062a\u062e\u0632\u064a\u0646 \u0627\u0644\u0628\u064a\u0627\u0646\u0627\u062a \u0627\u0644\u0644\u0627\u0632\u0645\u0629 \u0644\u062a\u0648\u0644\u064a\u062f \u0623\u0646\u0645\u0627\u0637 \u0645\u062a\u0639\u062f\u062f\u0629 \u0645\u0627\u0644\u0631\u0633\u0648\u0645 \u0627\u0644\u0645\u062a\u062d\u0631\u0643\u0629 \u0627\u0644\u0636\u0648\u0626\u064a\u0629 \u0627\u0644\u062a\u064a \u062a\u062a\u062d\u0643\u0645 \u0641\u064a \u0625\u0636\u0627\u0621\u0629 \u0627\u0644\u0644\u0648\u062d\u0629.\u0643\u0645 \u0644i\u064a (<br \/>\n|&#8212;|&#8212;|<br \/>\n. | \u0633\u0648\u0631\u0629 \u0627\u0644\u0639\u0627\u062f\u064a\u0627\u062a \u0645\u0643\u062a\u0648\u0628\u0629 \u0628\u062e\u0637 \u064a\u062f\u064a \u0648\u0645\u064f\u0644\u0635\u0642\u0629 \u0639\u0644\u0649 \u0644\u0648\u062d\u0629 \u0635\u063a\u064a\u0631\u0629 \u0645\u064f\u0624\u0637\u0651\u0631\u0629 \u0628\u0645\u0635\u0627\u0628\u064a\u062d LED \u0628\u062c\u0647\u062f \u0623\u0645\u0627\u0645\u064a (Vf) \u0642\u062f\u0631\u0647 1.5 \u0641\u0648\u0644\u062a\u060c \u0648\u0645\u0648\u0635\u0648\u0644\u0629 \u0641\u064a \u0633\u0644\u0633\u0644\u0629 \u0645\u0646 8 \u0642\u0637\u0639 \u0644\u062a\u062d\u0645\u0644 12 \u0641\u0648\u0644\u062a \u062a\u064a\u0627\u0631 \u0645\u0633\u062a\u0645\u0631 (VDC). |<br \/>\n|\u00a0 \u0648\u0643\u0630\u0644\u0643\u060c \u0642\u0645\u062a \u0628\u062a\u0635\u0645\u064a\u0645 \u0648\u062a\u0646\u0641\u064a\u0630 \u0648\u0645\u0651\u0627\u0636\u0629 (\u0641\u0644\u0627\u0634\u0631) \u0628\u0640 15 \u0642\u0646\u0627\u0629 \u062a\u0639\u062a\u0645\u062f \u0639\u0644\u0649 \u0630\u0627\u0643\u0631\u0629 EPROM \u0645\u0646 \u0646\u0648\u0639 M27C1024\u060c \u062d\u064a\u062b \u0642\u0645\u062a \u0628\u062d\u0641\u0638 \u0628\u064a\u0627\u0646\u0627\u062a \u0641\u064a\u0647\u0627 \u0644\u062a\u0648\u0641\u064a\u0631 \u0639\u062f\u0629 \u0623\u0646\u0645\u0627\u0637 \u0645\u0646 \u0627\u0644\u0631\u0633\u0648\u0645 \u0627\u0644\u0645\u062a\u062d\u0631\u0643\u0629 (\u0627\u0644\u062d\u0631\u0643\u0627\u062a \u0627\u0644\u0636\u0648\u0626\u064a\u0629). |<\/h2>\n<p><img loading=\"lazy\" decoding=\"async\" class=\"alignnone size-full wp-image-31481\" src=\"https:\/\/plumediamant.com\/wp-content\/uploads\/2026\/03\/IMG_17202-scaled.jpg\" alt=\"\" width=\"2560\" height=\"1721\" srcset=\"https:\/\/plumediamant.com\/wp-content\/uploads\/2026\/03\/IMG_17202-scaled.jpg 2560w, https:\/\/plumediamant.com\/wp-content\/uploads\/2026\/03\/IMG_17202-300x202.jpg 300w, https:\/\/plumediamant.com\/wp-content\/uploads\/2026\/03\/IMG_17202-1024x688.jpg 1024w, https:\/\/plumediamant.com\/wp-content\/uploads\/2026\/03\/IMG_17202-768x516.jpg 768w, https:\/\/plumediamant.com\/wp-content\/uploads\/2026\/03\/IMG_17202-1536x1033.jpg 1536w, https:\/\/plumediamant.com\/wp-content\/uploads\/2026\/03\/IMG_17202-2048x1377.jpg 2048w\" sizes=\"auto, (max-width: 2560px) 100vw, 2560px\" \/> <img loading=\"lazy\" decoding=\"async\" class=\"alignnone size-full wp-image-31482\" src=\"https:\/\/plumediamant.com\/wp-content\/uploads\/2026\/03\/IMG_1720-scaled.jpg\" alt=\"\" width=\"2560\" height=\"1920\" srcset=\"https:\/\/plumediamant.com\/wp-content\/uploads\/2026\/03\/IMG_1720-scaled.jpg 2560w, https:\/\/plumediamant.com\/wp-content\/uploads\/2026\/03\/IMG_1720-300x225.jpg 300w, https:\/\/plumediamant.com\/wp-content\/uploads\/2026\/03\/IMG_1720-1024x768.jpg 1024w, https:\/\/plumediamant.com\/wp-content\/uploads\/2026\/03\/IMG_1720-768x576.jpg 768w, https:\/\/plumediamant.com\/wp-content\/uploads\/2026\/03\/IMG_1720-1536x1152.jpg 1536w, https:\/\/plumediamant.com\/wp-content\/uploads\/2026\/03\/IMG_1720-2048x1536.jpg 2048w\" sizes=\"auto, (max-width: 2560px) 100vw, 2560px\" \/> <img loading=\"lazy\" decoding=\"async\" class=\"alignnone size-full wp-image-31483\" src=\"https:\/\/plumediamant.com\/wp-content\/uploads\/2026\/03\/IMG_17202-1-scaled.jpg\" alt=\"\" width=\"2560\" height=\"1920\" srcset=\"https:\/\/plumediamant.com\/wp-content\/uploads\/2026\/03\/IMG_17202-1-scaled.jpg 2560w, https:\/\/plumediamant.com\/wp-content\/uploads\/2026\/03\/IMG_17202-1-300x225.jpg 300w, https:\/\/plumediamant.com\/wp-content\/uploads\/2026\/03\/IMG_17202-1-1024x768.jpg 1024w, https:\/\/plumediamant.com\/wp-content\/uploads\/2026\/03\/IMG_17202-1-768x576.jpg 768w, https:\/\/plumediamant.com\/wp-content\/uploads\/2026\/03\/IMG_17202-1-1536x1152.jpg 1536w, https:\/\/plumediamant.com\/wp-content\/uploads\/2026\/03\/IMG_17202-1-2048x1536.jpg 2048w\" sizes=\"auto, (max-width: 2560px) 100vw, 2560px\" \/><\/p>\n<h2 style=\"text-align: center;\">\u0627\u0644\u062a\u062d\u0644\u064a\u0644 \u0628\u0627\u0644\u0641\u0631\u0646\u0633\u064a\u0629<\/h2>\n<h2 style=\"text-align: center;\">La vid\u00e9o, intitul\u00e9e \u00ab\u00a0\u0633\u0648\u0631\u0629 \u0627\u0644\u0639\u0627\u062f\u064a\u0627\u062a\u00a0\u00bb (Sourate Al Adiyat) et publi\u00e9e par la cha\u00eene Ahmed Ouamer, pr\u00e9sente et d\u00e9montre la r\u00e9alisation d&rsquo;un tableau \u00e9lectronique bas\u00e9 sur la Sourate Al Adiyat, \u00e9crit \u00e0 la main par le cr\u00e9ateur.<br \/>\nAnalyse (en Fran\u00e7ais)<br \/>\nTitre de la vid\u00e9o : \u0633\u0648\u0631\u0629 \u0627\u0644\u0639\u0627\u062f\u064a\u0627\u062a (Sourate Al Adiyat)<br \/>\nCha\u00eene : Ahmed Ouamer<br \/>\nDur\u00e9e : 1 minute et 5 secondes<br \/>\nLa vid\u00e9o illustre une de vos r\u00e9alisations \u00e9lectroniques et artistiques : une reproduction manuscrite de la Sourate Al Adiyat mont\u00e9e sur un petit tableau encadr\u00e9 d&rsquo;un \u00e9clairage LED.<br \/>\nD\u00e9tails Techniques de votre description :<br \/>\n* \u00c9clairage LED : Les diodes \u00e9lectroluminescentes (LED) utilis\u00e9es poss\u00e8dent une tension de seuil (V_f) de 1,5 volts. Elles sont c\u00e2bl\u00e9es en s\u00e9ries de 8 pi\u00e8ces pour \u00eatre aliment\u00e9es par une source de tension de 12 Volts DC (courant continu). Ce montage en s\u00e9rie est une technique courante pour adapter la tension d&rsquo;alimentation \u00e0 la tension totale requise par les LEDs (1,5V x 8 = 12V).<br \/>\n* Syst\u00e8me d&rsquo;Animation\/Flasheur : Vous avez con\u00e7u et r\u00e9alis\u00e9 un flasheur (flashr) \u00e0 15 canaux. Ce circuit utilise une m\u00e9moire programmable EPROM M27C1024 dans laquelle vous avez stock\u00e9 des donn\u00e9es pour g\u00e9n\u00e9rer plusieurs jeux d\u2019animations ou motifs lumineux contr\u00f4lant ainsi l&rsquo;\u00e9clairage du tableau.<\/h2>\n<p>&nbsp;<\/p>\n<nav aria-label=\"Pages\">\n<ul>\n<li class=\"page_item page-item-28946\"><\/li>\n<\/ul>\n<\/nav>\n","protected":false},"excerpt":{"rendered":"<p>&nbsp; 1. \u062a\u062d\u0644\u064a\u0644 \u0627\u0644\u0641\u064a\u062f\u064a\u0648 \u0627\u0644\u0641\u064a\u062f\u064a\u0648\u060c \u0648\u0639\u0646\u0648\u0627\u0646\u0647 \u00ab\u00a0\u0633\u0648\u0631\u0629 \u0627\u0644\u0639\u0627\u062f\u064a\u0627\u062a\u00a0\u00bb\u060c \u064a\u0639\u0631\u0636 \u0625\u0646\u062c\u0627\u0632\u0627\u064b \u0625\u0644\u0643\u062a\u0631\u0648\u0646\u064a\u0627\u064b \u0648\u0641\u0646\u064a\u0627\u064b: \u0644\u0648\u062d\u0629 \u0644\u0633\u0648\u0631\u0629 \u0627\u0644\u0639\u0627\u062f\u064a\u0627\u062a \u0627\u0644\u0642\u0631\u0622\u0646\u064a\u0629 \u0645\u0643\u062a\u0648\u0628\u0629 \u0628\u062e\u0637 \u064a\u062f\u0643\u0645 \u0648\u0645\u064f\u062f\u0645\u064e\u062c\u0629 \u0641\u064a \u0625\u0637\u0627\u0631 \u0635\u063a\u064a\u0631 \u0645\u064f\u0636\u0627\u0621 \u0628\u0645\u0635\u0627\u0628\u064a\u062d LED. \u0627\u0644\u062a\u0641\u0627\u0635\u064a\u0644 \u0627\u0644\u062a\u0642\u0646\u064a\u0629 \u0628\u0646\u0627\u0621\u064b \u0639\u0644\u0649 \u0648\u0635\u0641\u0643\u0645: * \u0625\u0636\u0627\u0621\u0629 LED: \u062a\u0645 \u0627\u0633\u062a\u062e\u062f\u0627\u0645 \u0645\u0635\u0627\u0628\u064a\u062d LED \u0628\u062c\u0647\u062f \u0623\u0645\u0627\u0645\u064a (V_f) \u0642\u062f\u0631\u0647 1.5 \u0641\u0648\u0644\u062a\u060c \u0648\u0647\u064a \u0645\u0648\u0635\u0648\u0644\u0629 \u0641\u064a \u0633\u0644\u0627\u0633\u0644 \u0645\u0646 8 \u0642\u0637\u0639 \u0644\u062a\u0639\u0645\u0644 \u0628\u062c\u0647\u062f 12 \u0641\u0648\u0644\u062a [&hellip;]<\/p>\n","protected":false},"author":11,"featured_media":0,"parent":30540,"menu_order":0,"comment_status":"open","ping_status":"closed","template":"","meta":{"googlesitekit_rrm_CAow1-67DA:productID":"","slim_seo":{"title":"\u0633\u0648\u0631\u0629 \u0627\u0644\u0639\u0627\u062f\u064a\u0627\u062a - \u00c9L\u00c9GANT \u0623\u0646\u064a\u0642","description":"1. \u062a\u062d\u0644\u064a\u0644 \u0627\u0644\u0641\u064a\u062f\u064a\u0648 \u0627\u0644\u0641\u064a\u062f\u064a\u0648\u060c \u0648\u0639\u0646\u0648\u0627\u0646\u0647 &quot;\u0633\u0648\u0631\u0629 \u0627\u0644\u0639\u0627\u062f\u064a\u0627\u062a&quot;\u060c \u064a\u0639\u0631\u0636 \u0625\u0646\u062c\u0627\u0632\u0627\u064b \u0625\u0644\u0643\u062a\u0631\u0648\u0646\u064a\u0627\u064b \u0648\u0641\u0646\u064a\u0627\u064b: \u0644\u0648\u062d\u0629 \u0644\u0633\u0648\u0631\u0629 \u0627\u0644\u0639\u0627\u062f\u064a\u0627\u062a \u0627\u0644\u0642\u0631\u0622\u0646\u064a\u0629 \u0645\u0643\u062a\u0648\u0628\u0629 \u0628\u062e\u0637 \u064a\u062f\u0643\u0645 \u0648\u0645\u064f\u062f\u0645\u064e\u062c\u0629 \u0641\u064a \u0625\u0637\u0627\u0631 \u0635\u063a\u064a\u0631 \u0645\u064f\u0636\u0627\u0621 \u0628\u0645\u0635\u0627\u0628\u064a\u062d LED. \u0627\u0644\u062a\u0641\u0627\u0635\u064a\u0644 \u0627\u0644\u062a\u0642\u0646\u064a\u0629 \u0628\u0646\u0627\u0621\u064b \u0639\u0644\u0649 \u0648\u0635\u0641\u0643\u0645: * \u0625\u0636\u0627\u0621\u0629 LED: \u062a\u0645 \u0627\u0633\u062a\u062e\u062f\u0627\u0645 \u0645\u0635\u0627\u0628\u064a\u062d LED \u0628\u062c\u0647\u062f \u0623\u0645\u0627\u0645\u064a (V_f) \u0642\u062f\u0631\u0647 1.5 \u0641\u0648\u0644\u062a\u060c \u0648\u0647\u064a \u0645\u0648\u0635\u0648\u0644\u0629 \u0641\u064a \u0633\u0644\u0627\u0633\u0644 \u0645\u0646 8 \u0642\u0637\u0639\u2026","facebook_image":"https:\/\/plumediamond.com\/wp-content\/uploads\/2025\/05\/badge1.gif","twitter_image":"https:\/\/plumediamond.com\/wp-content\/uploads\/2025\/05\/badge1.gif"},"footnotes":""},"class_list":["post-30544","page","type-page","status-publish","hentry"],"blog_post_layout_featured_media_urls":{"thumbnail":"","full":""},"categories_names":null,"comments_number":"0","jetpack_sharing_enabled":true,"_links":{"self":[{"href":"https:\/\/plumediamant.com\/index.php?rest_route=\/wp\/v2\/pages\/30544","targetHints":{"allow":["GET"]}}],"collection":[{"href":"https:\/\/plumediamant.com\/index.php?rest_route=\/wp\/v2\/pages"}],"about":[{"href":"https:\/\/plumediamant.com\/index.php?rest_route=\/wp\/v2\/types\/page"}],"author":[{"embeddable":true,"href":"https:\/\/plumediamant.com\/index.php?rest_route=\/wp\/v2\/users\/11"}],"replies":[{"embeddable":true,"href":"https:\/\/plumediamant.com\/index.php?rest_route=%2Fwp%2Fv2%2Fcomments&post=30544"}],"version-history":[{"count":10,"href":"https:\/\/plumediamant.com\/index.php?rest_route=\/wp\/v2\/pages\/30544\/revisions"}],"predecessor-version":[{"id":32041,"href":"https:\/\/plumediamant.com\/index.php?rest_route=\/wp\/v2\/pages\/30544\/revisions\/32041"}],"up":[{"embeddable":true,"href":"https:\/\/plumediamant.com\/index.php?rest_route=\/wp\/v2\/pages\/30540"}],"wp:attachment":[{"href":"https:\/\/plumediamant.com\/index.php?rest_route=%2Fwp%2Fv2%2Fmedia&parent=30544"}],"curies":[{"name":"wp","href":"https:\/\/api.w.org\/{rel}","templated":true}]}}