{"id":30543,"date":"2026-03-22T17:09:23","date_gmt":"2026-03-22T16:09:23","guid":{"rendered":"https:\/\/plumediamond.com\/?page_id=28764"},"modified":"2026-03-30T21:28:51","modified_gmt":"2026-03-30T20:28:51","slug":"%d8%b3%d9%88%d8%b1%d8%a9-%d8%a7%d9%84%d8%b4%d8%b1%d8%ad-94","status":"publish","type":"page","link":"https:\/\/plumediamant.com\/?page_id=30543","title":{"rendered":"\u0633\u0648\u0631\u0629 \u0627\u0644\u0634\u0631\u062d. 94"},"content":{"rendered":"<h2 style=\"padding-left: 40px; text-align: center;\">\u0633\u0648\u0631\u0629 \u0627\u0644\u0634\u0631\u062d\u00a0 94<\/h2>\n<p style=\"text-align: center;\"><img loading=\"lazy\" decoding=\"async\" class=\"alignnone size-full wp-image-31106\" src=\"https:\/\/plumediamant.com\/wp-content\/uploads\/2026\/03\/FB_IMG_1722983143159.jpg\" alt=\"FB IMG\" width=\"605\" height=\"596\" srcset=\"https:\/\/plumediamant.com\/wp-content\/uploads\/2026\/03\/FB_IMG_1722983143159.jpg 605w, https:\/\/plumediamant.com\/wp-content\/uploads\/2026\/03\/FB_IMG_1722983143159-300x296.jpg 300w\" sizes=\"auto, (max-width: 605px) 100vw, 605px\" \/><\/p>\n<p style=\"text-align: center;\">\n<h3 style=\"text-align: center;\"><strong>\u0633\u0648\u0631\u0629<\/strong> <strong>\u0627\u0644\u0634\u0631\u062d<\/strong> <strong>\u0647\u064a<\/strong> <strong>\u0627\u0644\u0633\u0648\u0631\u0629<\/strong> <strong>\u0627\u0644\u0631\u0627\u0628\u0639\u0629<\/strong> <strong>\u0648\u0627\u0644\u062a\u0633\u0639\u0648\u0646<\/strong> <strong>\u0641\u064a<\/strong> <strong>\u062a\u0631\u062a\u064a\u0628<\/strong> <strong>\u0627\u0644\u0645\u0635\u062d\u0641\u060c<\/strong> <strong>\u0648\u0647\u064a<\/strong> <strong>\u0633\u0648\u0631\u0629<\/strong> <strong><a href=\"https:\/\/elegantsup.blogspot.com\/\" target=\"_blank\" rel=\"noopener\">\u0645\u0643\u064a\u0629<\/a>\u060c<\/strong> <strong>\u0639\u062f\u062f<\/strong> <strong>\u0622\u064a\u0627\u062a\u0647\u0627<\/strong> <strong>\u062b\u0645\u0627\u0646\u064a<\/strong> <strong>\u0622\u064a\u0627\u062a<\/strong><\/h3>\n<h3 style=\"text-align: center;\"><strong>\u0646\u0635<\/strong> <strong>\u0633\u0648\u0631\u0629<\/strong> <strong>\u0627\u0644\u0634\u0631\u062d<\/strong><br \/>\n<strong>\u0628\u0650\u0633\u0652\u0645\u0650<\/strong> <strong>\u0671\u0644\u0644\u0651\u064e\u0647\u0650<\/strong> <strong>\u0671\u0644\u0631\u0651\u064e\u062d\u0652\u0645\u064e\u0670\u0646\u0650<\/strong> <strong>\u0671\u0644\u0631\u0651\u064e\u062d\u0650\u064a\u0645\u0650<\/strong><br \/>\n<strong>\u00a0<\/strong><strong>\u0623\u064e\u0644\u064e\u0645\u0652<\/strong> <strong>\u0646\u064e\u0634\u0652\u0631\u064e\u062d\u0652<\/strong> <strong>\u0644\u064e\u0643\u064e<\/strong> <strong>\u0635\u064e\u062f\u0652\u0631\u064e\u0643\u064e<\/strong><br \/>\n<strong>\u00a0<\/strong><strong>\u0648\u064e\u0648\u064e\u0636\u064e\u0639\u0652\u0646\u064e\u0627<\/strong> <strong>\u0639\u064e\u0646\u0652\u0643\u064e<\/strong> <strong>\u0648\u0650\u0632\u0652\u0631\u064e\u0643\u064e<\/strong><br \/>\n<strong>\u0671\u0644\u0651\u064e\u0630\u0650\u064a\u0653<\/strong> <strong>\u0623\u064e\u0646\u0652\u0642\u064e\u0636\u064e<\/strong> <strong>\u0638\u064e\u0647\u0652\u0631\u064e\u0643\u064e<\/strong><br \/>\n<strong>\u0648\u064e\u0631\u064e\u0641\u064e\u0639\u0652\u0646\u064e\u0627<\/strong> <strong>\u0644\u064e\u0643\u064e<\/strong> <strong>\u0630\u0650\u0643\u0652\u0631\u064e\u0643\u064e<\/strong><br \/>\n<strong>\u00a0<\/strong><strong>\u0641\u064e\u0625\u0650\u0646\u0651\u064e<\/strong> <strong>\u0645\u064e\u0639\u064e<\/strong> <strong>\u0671\u0644\u0652\u0639\u064f\u0633\u0652\u0631\u0650<\/strong> <strong>\u064a\u064f\u0633\u0652\u0631\u064b\u0627<\/strong><br \/>\n<strong>\u00a0<\/strong><strong>\u0625\u0650\u0646\u0651\u064e<\/strong> <strong>\u0645\u064e\u0639\u064e<\/strong> <strong>\u0671\u0644\u0652\u0639\u064f\u0633\u0652\u0631\u0650<\/strong> <strong>\u064a\u064f\u0633\u0652\u0631\u064b\u0627<\/strong><br \/>\n<strong>\u0641\u064e\u0625\u0650\u0630\u064e\u0627<\/strong> <strong>\u0641\u064e\u0631\u064e\u063a\u0652\u062a\u064e<\/strong> <strong>\u0641\u064e\u0671\u0646\u0652\u0635\u064e\u0628\u0652<\/strong><br \/>\n<strong>\u0648\u064e\u0625\u0650\u0644\u064e\u0649\u0670<\/strong> <strong>\u0631\u064e\u0628\u0651\u0650\u0643\u064e<\/strong> <strong>\u0641\u064e\u0671\u0631\u0652\u063a\u064e\u0628\u0652<\/strong><\/h3>\n<p style=\"text-align: center;\"><img loading=\"lazy\" decoding=\"async\" class=\"alignnone size-full wp-image-31518\" src=\"https:\/\/plumediamant.com\/wp-content\/uploads\/2026\/03\/20241226_225148.jpg\" alt=\"\" width=\"2048\" height=\"1724\" srcset=\"https:\/\/plumediamant.com\/wp-content\/uploads\/2026\/03\/20241226_225148.jpg 2048w, https:\/\/plumediamant.com\/wp-content\/uploads\/2026\/03\/20241226_225148-300x253.jpg 300w, https:\/\/plumediamant.com\/wp-content\/uploads\/2026\/03\/20241226_225148-1024x862.jpg 1024w, https:\/\/plumediamant.com\/wp-content\/uploads\/2026\/03\/20241226_225148-768x647.jpg 768w, https:\/\/plumediamant.com\/wp-content\/uploads\/2026\/03\/20241226_225148-1536x1293.jpg 1536w\" sizes=\"auto, (max-width: 2048px) 100vw, 2048px\" \/><\/p>\n<h3 style=\"text-align: center;\"><strong>\u0641\u0636\u0644<\/strong> <strong>\u0633\u0648\u0631\u0629<\/strong> <strong>\u0627\u0644\u0634\u0631\u062d<\/strong><br \/>\n<strong>\u0648\u0631\u062f\u062a<\/strong> <strong>\u0623\u062d\u0627\u062f\u064a\u062b<\/strong> <strong>\u0636\u0639\u064a\u0641\u0629<\/strong> <strong>\u0641\u064a<\/strong> <strong>\u0641\u0636\u0644<\/strong> <strong>\u0633\u0648\u0631\u0629<\/strong> <strong>\u0627\u0644\u0634\u0631\u062d\u060c<\/strong> <strong>\u0648\u0644\u0643\u0646<\/strong> <strong>\u0641\u0636\u0644<\/strong> <strong>\u0627\u0644\u0642\u0631\u0622\u0646<\/strong> <strong>\u0639\u0638\u064a\u0645<\/strong> <strong>\u0648\u0633\u0648\u0631\u0629<\/strong> <strong>\u0627\u0644\u0634\u0631\u062d<\/strong> <strong>\u062c\u0632\u0621<\/strong> <strong>\u0645\u0646\u0647<\/strong><strong>. <\/strong><strong>\u0648\u0642\u062f<\/strong> <strong>\u0630\u0643\u0631<\/strong> <strong>\u0627\u0644\u0639\u0644\u0645\u0627\u0621<\/strong> <strong>\u0628\u0639\u0636<\/strong> <strong>\u0627\u0644\u0641\u0648\u0627\u0626\u062f<\/strong> <strong>\u0627\u0644\u0645\u0633\u062a\u0646\u0628\u0637\u0629<\/strong> <strong>\u0645\u0646<\/strong> <strong>\u0645\u0639\u0627\u0646\u064a<\/strong> <strong>\u0627\u0644\u0633\u0648\u0631\u0629\u060c<\/strong> <strong>\u0645\u0646\u0647\u0627<\/strong><strong>:<\/strong><br \/>\n<strong>\u00a0<\/strong><strong>\u0634\u0631\u062d<\/strong> <strong>\u0635\u062f\u0631<\/strong> <strong>\u0627\u0644\u0646\u0628\u064a<\/strong> <strong>\u0635\u0644\u0649<\/strong> <strong>\u0627\u0644\u0644\u0647<\/strong> <strong>\u0639\u0644\u064a\u0647<\/strong> <strong>\u0648\u0633\u0644\u0645<\/strong><strong>: <\/strong><strong>\u0648\u062a\u0648\u0633\u0639\u062a\u0647<\/strong> <a href=\"https:\/\/plumediamond.com\/mes-campagnes-militaires\/\" target=\"_blank\" rel=\"noopener\"><strong>\u0644\u062a\u0628\u0644\u064a\u063a<\/strong><\/a> <strong>\u0627\u0644\u0631\u0633\u0627\u0644\u0629<\/strong> <strong>\u0648\u062a\u062d\u0645\u0644<\/strong> <strong>\u0623\u0639\u0628\u0627\u0626\u0647\u0627<\/strong><strong>.<\/strong><br \/>\n<strong>\u00a0<\/strong><strong>\u0631\u0641\u0639<\/strong> <strong>\u0648\u0632\u0631<\/strong> <strong>\u0627\u0644\u0646\u0628\u064a<\/strong> <strong>\u0635\u0644\u0649<\/strong> <strong>\u0627\u0644\u0644\u0647<\/strong> <strong>\u0639\u0644\u064a\u0647<\/strong> <strong>\u0648\u0633\u0644\u0645<\/strong> <strong>\u0648\u062a\u0637\u0647\u064a\u0631\u0647<\/strong> <strong>\u0645\u0645\u0627<\/strong> <strong>\u0642\u062f<\/strong> <strong>\u064a\u0643\u0648\u0646<\/strong> <strong>\u0642\u0628\u0644<\/strong> <strong>\u0627\u0644\u0646\u0628\u0648\u0629<\/strong><strong>.<\/strong><br \/>\n<strong>\u00a0<\/strong><strong>\u0631\u0641\u0639<\/strong> <strong>\u0630\u0643\u0631<\/strong> <strong>\u0627\u0644\u0646\u0628\u064a<\/strong> <strong>\u0635\u0644\u0649<\/strong> <strong>\u0627\u0644\u0644\u0647<\/strong> <strong>\u0639\u0644\u064a\u0647<\/strong> <strong>\u0648\u0633\u0644\u0645<\/strong> <strong>\u0648\u062c\u0639\u0644<\/strong> <strong>\u0627\u0633\u0645\u0647<\/strong> <strong>\u0645\u0642\u0631\u0648\u0646\u064b\u0627<\/strong> <strong>\u0628\u0627\u0633\u0645<\/strong> <strong>\u0627\u0644\u0644\u0647<\/strong> <strong>\u0641\u064a<\/strong> <strong>\u0627\u0644\u0634\u0647\u0627\u062f\u062a\u064a\u0646<\/strong> <strong>\u0648\u0627\u0644\u0623\u0630\u0627\u0646<\/strong> <strong>\u0648\u063a\u064a\u0631<\/strong> <strong>\u0630\u0644\u0643<\/strong><strong>.<\/strong><\/h3>\n<p style=\"text-align: center;\"><img loading=\"lazy\" decoding=\"async\" class=\"alignnone size-full wp-image-31516\" src=\"https:\/\/plumediamant.com\/wp-content\/uploads\/2026\/03\/20241226_224953.jpg\" alt=\"\" width=\"2048\" height=\"1724\" srcset=\"https:\/\/plumediamant.com\/wp-content\/uploads\/2026\/03\/20241226_224953.jpg 2048w, https:\/\/plumediamant.com\/wp-content\/uploads\/2026\/03\/20241226_224953-300x253.jpg 300w, https:\/\/plumediamant.com\/wp-content\/uploads\/2026\/03\/20241226_224953-1024x862.jpg 1024w, https:\/\/plumediamant.com\/wp-content\/uploads\/2026\/03\/20241226_224953-768x647.jpg 768w, https:\/\/plumediamant.com\/wp-content\/uploads\/2026\/03\/20241226_224953-1536x1293.jpg 1536w\" sizes=\"auto, (max-width: 2048px) 100vw, 2048px\" \/><\/p>\n<h3 style=\"text-align: center;\"><strong>\u00a0<\/strong><strong>\u0627\u0644\u062a\u064a\u0633\u064a\u0631<\/strong> <strong>\u0628\u0639\u062f<\/strong> <strong>\u0627\u0644\u0639\u0633\u0631<\/strong><strong>: <\/strong><strong>\u0641\u0641\u064a<\/strong> <strong>\u0642\u0648\u0644\u0647<\/strong> <strong>\u062a\u0639\u0627\u0644\u0649<\/strong> <strong>\u0625\u0650\u0646\u0651\u064e<\/strong> <strong>\u0645\u064e\u0639\u064e<\/strong> <strong>\u0671\u0644\u0652\u0639\u064f\u0633\u0652\u0631\u0650<\/strong> <strong>\u064a\u064f\u0633\u0652\u0631\u064b\u0627<\/strong><strong>$ <\/strong><strong>\u0628\u0634\u0631\u0649<\/strong> <strong>\u0628\u0623\u0646<\/strong> <strong>\u0627\u0644\u0644\u0647<\/strong> <strong>\u062a\u0639\u0627\u0644\u0649<\/strong> <strong>\u0633\u064a\u062c\u0639\u0644<\/strong> <strong>\u0628\u0639\u062f<\/strong> <strong>\u0643\u0644<\/strong> <strong>\u0636\u064a\u0642<\/strong> <strong>\u0641\u0631\u062c\u064b\u0627<\/strong><strong>.<\/strong><br \/>\n<strong>\u00a0<\/strong><strong>\u0627\u0644\u062d\u062b<\/strong> <strong>\u0639\u0644\u0649<\/strong> <strong>\u0627\u0644\u0627\u062c\u062a\u0647\u0627\u062f<\/strong> <strong>\u0641\u064a<\/strong> <strong>\u0627\u0644\u0639\u0628\u0627\u062f\u0629<\/strong> <strong>\u0628\u0639\u062f<\/strong> <strong>\u0627\u0644\u0641\u0631\u0627\u063a<\/strong> <strong>\u0645\u0646<\/strong> <strong>\u0634\u0648\u0627\u063a\u0644<\/strong> <strong>\u0627\u0644\u062f\u0646\u064a\u0627\u060c<\/strong> <strong>\u0648\u0627\u0644\u062a\u0641\u0631\u063a<\/strong> <strong>\u0644\u0644\u0647<\/strong> <strong>\u0628\u0627\u0644\u0631\u063a\u0628\u0629<\/strong> <strong>\u0648\u0627\u0644\u0631\u0647\u0628\u0629<\/strong><strong>.<\/strong><br \/>\n<strong>\u0648\u0627\u0644\u0644\u0647<\/strong> <strong>\u0623\u0639\u0644\u0645<\/strong><strong>.<\/strong><\/h3>\n<p style=\"text-align: center;\"><img loading=\"lazy\" decoding=\"async\" class=\"alignnone size-full wp-image-31517\" src=\"https:\/\/plumediamant.com\/wp-content\/uploads\/2026\/03\/QVZjOU9GVjd5V1JOTlkwZA.jpeg\" alt=\"\" width=\"1170\" height=\"1170\" srcset=\"https:\/\/plumediamant.com\/wp-content\/uploads\/2026\/03\/QVZjOU9GVjd5V1JOTlkwZA.jpeg 1170w, https:\/\/plumediamant.com\/wp-content\/uploads\/2026\/03\/QVZjOU9GVjd5V1JOTlkwZA-300x300.jpeg 300w, https:\/\/plumediamant.com\/wp-content\/uploads\/2026\/03\/QVZjOU9GVjd5V1JOTlkwZA-1024x1024.jpeg 1024w, https:\/\/plumediamant.com\/wp-content\/uploads\/2026\/03\/QVZjOU9GVjd5V1JOTlkwZA-150x150.jpeg 150w, https:\/\/plumediamant.com\/wp-content\/uploads\/2026\/03\/QVZjOU9GVjd5V1JOTlkwZA-768x768.jpeg 768w\" sizes=\"auto, (max-width: 1170px) 100vw, 1170px\" \/><\/p>\n<p style=\"text-align: center;\"><img loading=\"lazy\" decoding=\"async\" class=\"alignnone size-full wp-image-31520\" src=\"https:\/\/plumediamant.com\/wp-content\/uploads\/2026\/03\/20241226_224913.jpg\" alt=\"\" width=\"2048\" height=\"1724\" srcset=\"https:\/\/plumediamant.com\/wp-content\/uploads\/2026\/03\/20241226_224913.jpg 2048w, https:\/\/plumediamant.com\/wp-content\/uploads\/2026\/03\/20241226_224913-300x253.jpg 300w, https:\/\/plumediamant.com\/wp-content\/uploads\/2026\/03\/20241226_224913-1024x862.jpg 1024w, https:\/\/plumediamant.com\/wp-content\/uploads\/2026\/03\/20241226_224913-768x647.jpg 768w, https:\/\/plumediamant.com\/wp-content\/uploads\/2026\/03\/20241226_224913-1536x1293.jpg 1536w\" sizes=\"auto, (max-width: 2048px) 100vw, 2048px\" \/><\/p>\n<p style=\"text-align: center;\"><img loading=\"lazy\" decoding=\"async\" class=\"alignnone size-full wp-image-31519\" src=\"https:\/\/plumediamant.com\/wp-content\/uploads\/2026\/03\/20241226_225026.jpg\" alt=\"\" width=\"2048\" height=\"1724\" srcset=\"https:\/\/plumediamant.com\/wp-content\/uploads\/2026\/03\/20241226_225026.jpg 2048w, https:\/\/plumediamant.com\/wp-content\/uploads\/2026\/03\/20241226_225026-300x253.jpg 300w, https:\/\/plumediamant.com\/wp-content\/uploads\/2026\/03\/20241226_225026-1024x862.jpg 1024w, https:\/\/plumediamant.com\/wp-content\/uploads\/2026\/03\/20241226_225026-768x647.jpg 768w, https:\/\/plumediamant.com\/wp-content\/uploads\/2026\/03\/20241226_225026-1536x1293.jpg 1536w\" sizes=\"auto, (max-width: 2048px) 100vw, 2048px\" \/><\/p>\n<p style=\"text-align: center;\"><img loading=\"lazy\" decoding=\"async\" class=\"alignnone size-full wp-image-31517\" src=\"https:\/\/plumediamant.com\/wp-content\/uploads\/2026\/03\/QVZjOU9GVjd5V1JOTlkwZA.jpeg\" alt=\"\" width=\"1170\" height=\"1170\" srcset=\"https:\/\/plumediamant.com\/wp-content\/uploads\/2026\/03\/QVZjOU9GVjd5V1JOTlkwZA.jpeg 1170w, https:\/\/plumediamant.com\/wp-content\/uploads\/2026\/03\/QVZjOU9GVjd5V1JOTlkwZA-300x300.jpeg 300w, https:\/\/plumediamant.com\/wp-content\/uploads\/2026\/03\/QVZjOU9GVjd5V1JOTlkwZA-1024x1024.jpeg 1024w, https:\/\/plumediamant.com\/wp-content\/uploads\/2026\/03\/QVZjOU9GVjd5V1JOTlkwZA-150x150.jpeg 150w, https:\/\/plumediamant.com\/wp-content\/uploads\/2026\/03\/QVZjOU9GVjd5V1JOTlkwZA-768x768.jpeg 768w\" sizes=\"auto, (max-width: 1170px) 100vw, 1170px\" \/><\/p>\n<div id=\"model-response-message-contentr_10f06f24c1cdf10d\" class=\"markdown markdown-main-panel stronger enable-updated-hr-color\" dir=\"rtl\">\n<h3 style=\"text-align: center;\"><strong>\u0623\u062d\u0645\u062f\u064f \u0627\u0644\u0644\u0647\u064e \u062d\u0645\u062f\u064b\u0627 \u0643\u062b\u064a\u0631\u064b\u0627\u060c \u0648\u0623\u0634\u0643\u0631\u064f\u0647 \u0634\u0643\u0631\u064b\u0627 \u062c\u0632\u064a\u0644\u064b\u0627 \u0639\u0644\u0649 \u0645\u0627 \u064a\u0633\u0651\u0631 \u0644\u064a \u0648\u0648\u0641\u0642\u0646\u064a \u0625\u0644\u064a\u0647 \u0645\u0646 \u062e\u0637\u0650\u0651 \u0647\u0630\u0647 \u0627\u0644\u0644\u0648\u062d\u0627\u062a \u0627\u0644\u0645\u062a\u0646\u0648\u0639\u0629 \u0628\u064a\u062f\u064a \u0648\u0628\u0642\u0644\u0645\u064a\u060c \u0645\u0633\u062a\u0645\u062a\u0639\u064b\u0627 \u0628\u062c\u0645\u0627\u0644 \u0627\u0644\u062d\u0631\u0641\u0650 \u0648\u062a\u0646\u0627\u063a\u0645 \u0627\u0644\u0623\u0644\u0648\u0627\u0646\u060c \u0648\u0630\u0644\u0643 \u0628\u0641\u0636\u0644 \u0627\u0644\u0644\u0647 \u0648\u0643\u0631\u0645\u0647 \u0648\u0623\u0646\u0627 \u0641\u064a \u0627\u0644\u062a\u0627\u0633\u0639\u0629 \u0648\u0627\u0644\u0633\u0628\u0639\u064a\u0646 \u0645\u0646 \u0639\u0645\u0631\u064a. \u0627\u0644\u0644\u0647\u0645 \u0627\u062c\u0639\u0644\u0647\u0627 \u0641\u064a \u0645\u064a\u0632\u0627\u0646 \u0627\u0644\u062d\u0633\u0646\u0627\u062a \u0648\u0628\u0627\u0628\u0627\u064b \u0644\u0644\u0623\u062b\u0631 \u0627\u0644\u0637\u064a\u0628<\/strong><\/h3>\n<\/div>\n","protected":false},"excerpt":{"rendered":"<p>\u0633\u0648\u0631\u0629 \u0627\u0644\u0634\u0631\u062d\u00a0 94 \u0633\u0648\u0631\u0629 \u0627\u0644\u0634\u0631\u062d \u0647\u064a \u0627\u0644\u0633\u0648\u0631\u0629 \u0627\u0644\u0631\u0627\u0628\u0639\u0629 \u0648\u0627\u0644\u062a\u0633\u0639\u0648\u0646 \u0641\u064a \u062a\u0631\u062a\u064a\u0628 \u0627\u0644\u0645\u0635\u062d\u0641\u060c \u0648\u0647\u064a \u0633\u0648\u0631\u0629 \u0645\u0643\u064a\u0629\u060c \u0639\u062f\u062f \u0622\u064a\u0627\u062a\u0647\u0627 \u062b\u0645\u0627\u0646\u064a \u0622\u064a\u0627\u062a \u0646\u0635 \u0633\u0648\u0631\u0629 \u0627\u0644\u0634\u0631\u062d \u0628\u0650\u0633\u0652\u0645\u0650 \u0671\u0644\u0644\u0651\u064e\u0647\u0650 \u0671\u0644\u0631\u0651\u064e\u062d\u0652\u0645\u064e\u0670\u0646\u0650 \u0671\u0644\u0631\u0651\u064e\u062d\u0650\u064a\u0645\u0650 \u00a0\u0623\u064e\u0644\u064e\u0645\u0652 \u0646\u064e\u0634\u0652\u0631\u064e\u062d\u0652 \u0644\u064e\u0643\u064e \u0635\u064e\u062f\u0652\u0631\u064e\u0643\u064e \u00a0\u0648\u064e\u0648\u064e\u0636\u064e\u0639\u0652\u0646\u064e\u0627 \u0639\u064e\u0646\u0652\u0643\u064e \u0648\u0650\u0632\u0652\u0631\u064e\u0643\u064e \u0671\u0644\u0651\u064e\u0630\u0650\u064a\u0653 \u0623\u064e\u0646\u0652\u0642\u064e\u0636\u064e \u0638\u064e\u0647\u0652\u0631\u064e\u0643\u064e \u0648\u064e\u0631\u064e\u0641\u064e\u0639\u0652\u0646\u064e\u0627 \u0644\u064e\u0643\u064e \u0630\u0650\u0643\u0652\u0631\u064e\u0643\u064e \u00a0\u0641\u064e\u0625\u0650\u0646\u0651\u064e \u0645\u064e\u0639\u064e \u0671\u0644\u0652\u0639\u064f\u0633\u0652\u0631\u0650 \u064a\u064f\u0633\u0652\u0631\u064b\u0627 \u00a0\u0625\u0650\u0646\u0651\u064e \u0645\u064e\u0639\u064e \u0671\u0644\u0652\u0639\u064f\u0633\u0652\u0631\u0650 \u064a\u064f\u0633\u0652\u0631\u064b\u0627 \u0641\u064e\u0625\u0650\u0630\u064e\u0627 \u0641\u064e\u0631\u064e\u063a\u0652\u062a\u064e \u0641\u064e\u0671\u0646\u0652\u0635\u064e\u0628\u0652 \u0648\u064e\u0625\u0650\u0644\u064e\u0649\u0670 \u0631\u064e\u0628\u0651\u0650\u0643\u064e \u0641\u064e\u0671\u0631\u0652\u063a\u064e\u0628\u0652 \u0641\u0636\u0644 \u0633\u0648\u0631\u0629 [&hellip;]<\/p>\n","protected":false},"author":11,"featured_media":30519,"parent":30540,"menu_order":94,"comment_status":"open","ping_status":"closed","template":"","meta":{"googlesitekit_rrm_CAow1-67DA:productID":"","slim_seo":{"title":"Archives Page 1 sur 0 &quot; &quot; Avr","description":"D\u00e9couvrez la \u0633\u0648\u0631\u0629 \u0627\u0644\u0634\u0631\u062d et comment la \u0645\u0648\u0647\u0628\u0629 peut transformer votre vie. Apprenez \u00e0 d\u00e9velopper votre talent \u00e0 travers le chapitre 94.","facebook_image":"https:\/\/plumediamond.com\/wp-content\/uploads\/2025\/05\/badge1.gif","twitter_image":"https:\/\/plumediamond.com\/wp-content\/uploads\/2025\/05\/badge1.gif"},"footnotes":""},"class_list":["post-30543","page","type-page","status-publish","has-post-thumbnail","hentry"],"blog_post_layout_featured_media_urls":{"thumbnail":["https:\/\/plumediamant.com\/wp-content\/uploads\/2026\/01\/04389a8a-6a55-4966-85b5-549080aaed38-3-150x150.gif",150,150,true],"full":["https:\/\/plumediamant.com\/wp-content\/uploads\/2026\/01\/04389a8a-6a55-4966-85b5-549080aaed38-3.gif",362,439,false]},"categories_names":null,"comments_number":"0","jetpack_sharing_enabled":true,"_links":{"self":[{"href":"https:\/\/plumediamant.com\/index.php?rest_route=\/wp\/v2\/pages\/30543","targetHints":{"allow":["GET"]}}],"collection":[{"href":"https:\/\/plumediamant.com\/index.php?rest_route=\/wp\/v2\/pages"}],"about":[{"href":"https:\/\/plumediamant.com\/index.php?rest_route=\/wp\/v2\/types\/page"}],"author":[{"embeddable":true,"href":"https:\/\/plumediamant.com\/index.php?rest_route=\/wp\/v2\/users\/11"}],"replies":[{"embeddable":true,"href":"https:\/\/plumediamant.com\/index.php?rest_route=%2Fwp%2Fv2%2Fcomments&post=30543"}],"version-history":[{"count":7,"href":"https:\/\/plumediamant.com\/index.php?rest_route=\/wp\/v2\/pages\/30543\/revisions"}],"predecessor-version":[{"id":31791,"href":"https:\/\/plumediamant.com\/index.php?rest_route=\/wp\/v2\/pages\/30543\/revisions\/31791"}],"up":[{"embeddable":true,"href":"https:\/\/plumediamant.com\/index.php?rest_route=\/wp\/v2\/pages\/30540"}],"wp:featuredmedia":[{"embeddable":true,"href":"https:\/\/plumediamant.com\/index.php?rest_route=\/wp\/v2\/media\/30519"}],"wp:attachment":[{"href":"https:\/\/plumediamant.com\/index.php?rest_route=%2Fwp%2Fv2%2Fmedia&parent=30543"}],"curies":[{"name":"wp","href":"https:\/\/api.w.org\/{rel}","templated":true}]}}